{"id":506,"date":"2015-07-01T13:30:42","date_gmt":"2015-07-01T13:30:42","guid":{"rendered":"https:\/\/www.mygren.com\/about\/"},"modified":"2017-04-11T09:32:59","modified_gmt":"2017-04-11T09:32:59","slug":"ueber-uns","status":"publish","type":"page","link":"https:\/\/www.mygren.com\/de\/ueber-uns\/","title":{"rendered":"\u00dcBER UNS"},"content":{"rendered":"<p class=\"Vchodzie\" style=\"text-align: center; padding-left: 170px; padding-right: 170px;\">Zusammen mit dem individuellen Ansatz zum jeden von unseren Kunden kreieren wir einzigartige L\u00f6sungen, welche die variablen Bed\u00fcrfnisse von unseren Kunden erf\u00fcllen k\u00f6nnen. Unser Kunde wird so ein Teil des Entwicklungsprozesses sein. Die Philosophie des freien Zugangs zu den Kunden, das Prinzip des aufmerksamen Zuh\u00f6rens den Bed\u00fcrfnissen und W\u00fcnschen unseren Kunden erm\u00f6glicht uns sich st\u00e4ndig zu verbessern und zu entwickeln.<\/p>\n<p class=\"Vchodzie\" style=\"text-align: center; padding-left: 180px; padding-right: 180px;\"><strong>Gerade Vorschl\u00e4ge von unseren Kunden in Verbindung mit unseren Kenntnissen und Erfahrungen darstellen f\u00fcr Menschen die einzigartige und flexible L\u00f6sung.<br \/>\n<\/strong><\/p>\n<p style=\"text-align: center;\"><a class=\"button button-next\" href=\"\/de\/referenzen\/\"><span class=\"inner\">REFERENZEN<\/span><\/a><\/p>\n","protected":false},"excerpt":{"rendered":"<p>Zusammen mit dem individuellen Ansatz zum jeden von unseren Kunden kreieren wir einzigartige L\u00f6sungen, welche die variablen Bed\u00fcrfnisse von unseren Kunden erf\u00fcllen k\u00f6nnen. Unser Kunde wird so ein Teil des Entwicklungsprozesses sein. Die Philosophie des freien Zugangs zu den Kunden, das Prinzip des aufmerksamen Zuh\u00f6rens den Bed\u00fcrfnissen und W\u00fcnschen unseren Kunden erm\u00f6glicht uns sich st\u00e4ndig zu verbessern und zu entwickeln. Gerade Vorschl\u00e4ge von unseren Kunden in Verbindung mit unseren Kenntnissen und Erfahrungen darstellen f\u00fcr Menschen die einzigartige und flexible L\u00f6sung. REFERENZEN<\/p>\n","protected":false},"author":2,"featured_media":0,"parent":0,"menu_order":0,"comment_status":"open","ping_status":"open","template":"","meta":{"om_disable_all_campaigns":false,"_monsterinsights_skip_tracking":false,"_monsterinsights_sitenote_active":false,"_monsterinsights_sitenote_note":"","_monsterinsights_sitenote_category":0,"footnotes":""},"class_list":["post-506","page","type-page","status-publish","hentry"],"aioseo_notices":[],"jetpack_sharing_enabled":true,"_links":{"self":[{"href":"https:\/\/www.mygren.com\/de\/wp-json\/wp\/v2\/pages\/506"}],"collection":[{"href":"https:\/\/www.mygren.com\/de\/wp-json\/wp\/v2\/pages"}],"about":[{"href":"https:\/\/www.mygren.com\/de\/wp-json\/wp\/v2\/types\/page"}],"author":[{"embeddable":true,"href":"https:\/\/www.mygren.com\/de\/wp-json\/wp\/v2\/users\/2"}],"replies":[{"embeddable":true,"href":"https:\/\/www.mygren.com\/de\/wp-json\/wp\/v2\/comments?post=506"}],"version-history":[{"count":4,"href":"https:\/\/www.mygren.com\/de\/wp-json\/wp\/v2\/pages\/506\/revisions"}],"predecessor-version":[{"id":594,"href":"https:\/\/www.mygren.com\/de\/wp-json\/wp\/v2\/pages\/506\/revisions\/594"}],"wp:attachment":[{"href":"https:\/\/www.mygren.com\/de\/wp-json\/wp\/v2\/media?parent=506"}],"curies":[{"name":"wp","href":"https:\/\/api.w.org\/{rel}","templated":true}]}}