{"id":655,"date":"2017-04-12T09:45:29","date_gmt":"2017-04-12T09:45:29","guid":{"rendered":"https:\/\/www.mygren.com\/na-stiahnutie\/"},"modified":"2017-04-12T10:59:21","modified_gmt":"2017-04-12T10:59:21","slug":"download","status":"publish","type":"page","link":"https:\/\/www.mygren.com\/de\/download\/","title":{"rendered":"Download"},"content":{"rendered":"<div id=\"pl-655\"  class=\"panel-layout\" ><div id=\"pg-655-0\"  class=\"panel-grid panel-no-style\" ><div id=\"pgc-655-0-0\"  class=\"panel-grid-cell\" ><div id=\"panel-655-0-0-0\" class=\"so-panel widget widget_sow-editor panel-first-child panel-last-child\" data-index=\"0\" ><div\n\t\t\t\n\t\t\tclass=\"so-widget-sow-editor so-widget-sow-editor-base\"\n\t\t\t\n\t\t>\n<div class=\"siteorigin-widget-tinymce textwidget\">\n\t<h2>MYGREN<\/h2>\n<div class=\"product-documentation-component\" style=\"text-align: left; background-image: none; top: 0px; left: 20px; right: 0px; bottom: 0px;\">\n<div class=\"inner\" style=\"text-align: left; padding: 0em; margin-left: 0;\">\n<ul>\n<li><a href=\"https:\/\/www.mygren.com\/wp-content\/uploads\/2015\/07\/MYGREN-Abbildung-Schemen.pdf\" title=\"MYGREN Abbildung Schemen\" target=\"_blank\">MYGREN Abbildung Schemen<\/a><\/li>\n<li><a href=\"https:\/\/www.mygren.com\/wp-content\/uploads\/2015\/07\/Massen-von-MYGREN-SXX.pdf\" title=\"Massen von MYGREN SXX\" target=\"_blank\">Massen von MYGREN SXX<\/a><\/li>\n<li><a href=\"https:\/\/www.mygren.com\/wp-content\/uploads\/2015\/07\/Technische-Spezifikationen-eines-ERDEWASSER-Systems.pdf\" title=\"Technische Spezifikationen eines ERDE\/WASSER Systems\" target=\"_blank\">Technische Spezifikationen eines ERDE\/WASSER Systems<\/a><\/li>\n<li><a href=\"https:\/\/www.mygren.com\/wp-content\/uploads\/2015\/07\/Technische-Spezifikationen-eines-WASSERWASSER-Systems.pdf\" title=\"Technische Spezifikationen eines WASSER\/WASSER Systems\" target=\"_blank\">Technische Spezifikationen eines WASSER\/WASSER Systems<\/a><\/li>\n<li><a href=\"https:\/\/www.mygren.com\/wp-content\/uploads\/2015\/07\/Berufsanforderungen.pdf\" title=\"Berufsanforderungen\" target=\"_blank\">Berufsanforderungen<\/a><\/li>\n<li><a href=\"https:\/\/www.mygren.com\/wp-content\/uploads\/2015\/07\/Konformit\u00e4tserkl\u00e4rung.pdf\" title=\"Konformit\u00e4tserkl\u00e4rung\" target=\"_blank\">Konformit\u00e4tserkl\u00e4rung<\/a><\/li>\n<\/ul>\n<\/div>\n<\/div>\n<\/div>\n<\/div><\/div><\/div><div id=\"pgc-655-0-1\"  class=\"panel-grid-cell\" ><div id=\"panel-655-0-1-0\" class=\"so-panel widget widget_sow-editor panel-first-child panel-last-child\" data-index=\"1\" ><div\n\t\t\t\n\t\t\tclass=\"so-widget-sow-editor so-widget-sow-editor-base\"\n\t\t\t\n\t\t>\n<div class=\"siteorigin-widget-tinymce textwidget\">\n\t<p><strong><\/p>\n<h2>SMARTHUB<\/h2>\n<p><\/strong><\/p>\n<div class=\"product-documentation-component\" style=\"text-align: left; background-image: none; top: 0px; left: 20px; right: 0px; bottom: 0px;\">\n<div class=\"inner\" style=\"text-align: left; padding: 0em; margin-left: 0;\">\n<ul>\n<li><a href=\"https:\/\/www.mygren.com\/wp-content\/uploads\/2015\/07\/Abbildung-Schemen-1.pdf\" title=\"Abbildung Schemen\" target=\"_blank\">Abbildung Schemen<\/a><\/li>\n<li><a href=\"https:\/\/www.mygren.com\/wp-content\/uploads\/2015\/07\/Technische-Spezifikatione.pdf\" title=\"Technische Spezifikatione\" target=\"_blank\">Technische Spezifikatione<\/a><\/li>\n<li><a href=\"https:\/\/www.mygren.com\/wp-content\/uploads\/2015\/07\/Berufsanforderungen-1.pdf\" title=\"Berufsanforderungen\" target=\"_blank\">Berufsanforderungen<\/a><\/li>\n<li><a href=\"https:\/\/www.mygren.com\/wp-content\/uploads\/2015\/07\/Konformit\u00e4tserkl\u00e4rung-1.pdf\" title=\"Konformit\u00e4tserkl\u00e4rung\" target=\"_blank\">Konformit\u00e4tserkl\u00e4rung<\/a><\/li>\n<\/ul>\n<\/div>\n<\/div>\n<\/div>\n<\/div><\/div><\/div><\/div><\/div>","protected":false},"excerpt":{"rendered":"<p>MYGREN MYGREN Abbildung Schemen Massen von MYGREN SXX Technische Spezifikationen eines ERDE\/WASSER Systems Technische Spezifikationen eines WASSER\/WASSER Systems Berufsanforderungen Konformit\u00e4tserkl\u00e4rung SMARTHUB Abbildung Schemen Technische Spezifikatione Berufsanforderungen Konformit\u00e4tserkl\u00e4rung<\/p>\n","protected":false},"author":2,"featured_media":652,"parent":0,"menu_order":0,"comment_status":"closed","ping_status":"closed","template":"","meta":{"om_disable_all_campaigns":false,"_monsterinsights_skip_tracking":false,"_monsterinsights_sitenote_active":false,"_monsterinsights_sitenote_note":"","_monsterinsights_sitenote_category":0,"footnotes":""},"class_list":["post-655","page","type-page","status-publish","has-post-thumbnail","hentry"],"aioseo_notices":[],"jetpack_sharing_enabled":true,"_links":{"self":[{"href":"https:\/\/www.mygren.com\/de\/wp-json\/wp\/v2\/pages\/655"}],"collection":[{"href":"https:\/\/www.mygren.com\/de\/wp-json\/wp\/v2\/pages"}],"about":[{"href":"https:\/\/www.mygren.com\/de\/wp-json\/wp\/v2\/types\/page"}],"author":[{"embeddable":true,"href":"https:\/\/www.mygren.com\/de\/wp-json\/wp\/v2\/users\/2"}],"replies":[{"embeddable":true,"href":"https:\/\/www.mygren.com\/de\/wp-json\/wp\/v2\/comments?post=655"}],"version-history":[{"count":3,"href":"https:\/\/www.mygren.com\/de\/wp-json\/wp\/v2\/pages\/655\/revisions"}],"predecessor-version":[{"id":661,"href":"https:\/\/www.mygren.com\/de\/wp-json\/wp\/v2\/pages\/655\/revisions\/661"}],"wp:featuredmedia":[{"embeddable":true,"href":"https:\/\/www.mygren.com\/de\/wp-json\/wp\/v2\/media\/652"}],"wp:attachment":[{"href":"https:\/\/www.mygren.com\/de\/wp-json\/wp\/v2\/media?parent=655"}],"curies":[{"name":"wp","href":"https:\/\/api.w.org\/{rel}","templated":true}]}}